{"id":11,"date":"2024-01-26T15:26:22","date_gmt":"2024-01-26T15:26:22","guid":{"rendered":"https:\/\/ieofranciscodepaulasantander.edu.co\/?page_id=11"},"modified":"2025-01-13T12:43:56","modified_gmt":"2025-01-13T12:43:56","slug":"inicio","status":"publish","type":"page","link":"http:\/\/ienuevolatircali.edu.co\/site\/","title":{"rendered":"Inicio"},"content":{"rendered":"<p>[et_pb_section fb_built=\u00bb1&#8243; fullwidth=\u00bbon\u00bb theme_builder_area=\u00bbpost_content\u00bb _builder_version=\u00bb4.27.4&#8243; _module_preset=\u00bbdefault\u00bb][et_pb_fullwidth_slider _builder_version=\u00bb4.27.4&#8243; _module_preset=\u00bbdefault\u00bb theme_builder_area=\u00bbpost_content\u00bb hover_enabled=\u00bb0&#8243; sticky_enabled=\u00bb0&#8243;][et_pb_slide heading=\u00bbConstruyendo ciudadanos \u00edntegros, participativos, aut\u00f3nomos  y solidarios.\u00bb _builder_version=\u00bb4.27.4&#8243; _module_preset=\u00bbdefault\u00bb theme_builder_area=\u00bbpost_content\u00bb background_color=\u00bbrgba(12,113,195,0.3)\u00bb background_enable_color=\u00bbon\u00bb title_text=\u00bbnuevo-latir\u00bb background_image=\u00bbhttp:\/\/ienuevolatircali.edu.co\/site\/wp-content\/uploads\/2025\/01\/nuevo-latir.png\u00bb background_enable_image=\u00bbon\u00bb text_shadow_style=\u00bbpreset4&#8243; header_font_size=\u00bb35px\u00bb header_font=\u00bb|700|||||||\u00bb header_text_color=\u00bb#FFFFFF\u00bb background_blend=\u00bbmultiply\u00bb hover_enabled=\u00bb0&#8243; sticky_enabled=\u00bb0&#8243;][\/et_pb_slide][et_pb_slide heading=\u00bbConstruyendo ciudadanos \u00edntegros, participativos, aut\u00f3nomos  y solidarios.\u00bb _builder_version=\u00bb4.27.4&#8243; _module_preset=\u00bbdefault\u00bb theme_builder_area=\u00bbpost_content\u00bb background_color=\u00bbrgba(12,113,195,0.33)\u00bb background_enable_color=\u00bbon\u00bb title_text=\u00bbni\u00f1a\u00bb background_image=\u00bbhttp:\/\/ienuevolatircali.edu.co\/site\/wp-content\/uploads\/2025\/01\/nina.jpg\u00bb background_enable_image=\u00bbon\u00bb text_shadow_style=\u00bbpreset4&#8243; header_font_size=\u00bb34px\u00bb header_font=\u00bb|700|||||||\u00bb background_blend=\u00bbmultiply\u00bb hover_enabled=\u00bb0&#8243; sticky_enabled=\u00bb0&#8243;][\/et_pb_slide][et_pb_slide heading=\u00bbConstruyendo ciudadanos \u00edntegros, participativos, aut\u00f3nomos  y solidarios.\u00bb _builder_version=\u00bb4.27.4&#8243; _module_preset=\u00bbdefault\u00bb theme_builder_area=\u00bbpost_content\u00bb background_color=\u00bbrgba(12,113,195,0.33)\u00bb background_enable_color=\u00bbon\u00bb title_text=\u00bbbiblioteca\u00bb background_image=\u00bbhttp:\/\/ienuevolatircali.edu.co\/site\/wp-content\/uploads\/2025\/01\/biblioteca.jpg\u00bb background_enable_image=\u00bbon\u00bb text_shadow_style=\u00bbpreset4&#8243; header_font_size=\u00bb34px\u00bb header_font=\u00bb|700|||||||\u00bb background_blend=\u00bbmultiply\u00bb hover_enabled=\u00bb0&#8243; sticky_enabled=\u00bb0&#8243;][\/et_pb_slide][\/et_pb_fullwidth_slider][\/et_pb_section][et_pb_section fb_built=\u00bb1&#8243; _builder_version=\u00bb4.24.0&#8243; _module_preset=\u00bbdefault\u00bb custom_padding=\u00bb||9px|||\u00bb global_colors_info=\u00bb{}\u00bb][et_pb_row _builder_version=\u00bb4.24.0&#8243; _module_preset=\u00bbdefault\u00bb global_colors_info=\u00bb{}\u00bb][et_pb_column type=\u00bb4_4&#8243; _builder_version=\u00bb4.24.0&#8243; _module_preset=\u00bbdefault\u00bb global_colors_info=\u00bb{}\u00bb][et_pb_text _builder_version=\u00bb4.27.4&#8243; _module_preset=\u00bbdefault\u00bb text_font_size=\u00bb16px\u00bb text_orientation=\u00bbjustified\u00bb hover_enabled=\u00bb0&#8243; global_colors_info=\u00bb{}\u00bb sticky_enabled=\u00bb0&#8243;]<\/p>\n<p>La Ciudadela Educativa es un sistema articulador e integrador de diferentes instituciones y actores sociales en una localidad espec\u00edfica, alrededor de una instituci\u00f3n eje que cuenta con un Proyecto Educativo Zonal (PEZ). Este proyecto esta concebido bajo el enfoque de educaci\u00f3n nueva o transformadora, cuyo objetivo es promover la organizaci\u00f3n social desde un ejercicio de descentralizaci\u00f3n administrativa, desarrollando procesos pedag\u00f3gicos permanentes en coherencia con la intersubjetividad definida desde las relaciones axiol\u00f3gicas, ontol\u00f3gicas y sociales.<\/p>\n<p>[\/et_pb_text][\/et_pb_column][\/et_pb_row][\/et_pb_section][et_pb_section fb_built=\u00bb1&#8243; _builder_version=\u00bb4.24.0&#8243; _module_preset=\u00bbdefault\u00bb background_image=\u00bbhttp:\/\/ienuevolatircali.edu.co\/site\/wp-content\/uploads\/2024\/02\/bg-1-1.jpg\u00bb global_colors_info=\u00bb{}\u00bb][et_pb_row _builder_version=\u00bb4.24.0&#8243; _module_preset=\u00bbdefault\u00bb custom_padding=\u00bb13px|||||\u00bb global_colors_info=\u00bb{}\u00bb][et_pb_column type=\u00bb4_4&#8243; _builder_version=\u00bb4.24.0&#8243; _module_preset=\u00bbdefault\u00bb global_colors_info=\u00bb{}\u00bb][et_pb_text _builder_version=\u00bb4.27.0&#8243; _module_preset=\u00bbdefault\u00bb text_text_color=\u00bb#FFFFFF\u00bb header_2_text_align=\u00bbcenter\u00bb header_2_text_color=\u00bb#020202&#8243; header_2_font_size=\u00bb32px\u00bb hover_enabled=\u00bb0&#8243; global_colors_info=\u00bb{}\u00bb sticky_enabled=\u00bb0&#8243;]<\/p>\n<h2>FUNDAMENTOS FILOS\u00d3FICOS<\/h2>\n<p>[\/et_pb_text][\/et_pb_column][\/et_pb_row][et_pb_row column_structure=\u00bb1_3,1_3,1_3&#8243; use_custom_gutter=\u00bbon\u00bb gutter_width=\u00bb2&#8243; _builder_version=\u00bb4.24.0&#8243; _module_preset=\u00bbdefault\u00bb width=\u00bb100%\u00bb max_width=\u00bb1320px\u00bb global_colors_info=\u00bb{}\u00bb][et_pb_column type=\u00bb1_3&#8243; _builder_version=\u00bb4.24.0&#8243; _module_preset=\u00bbdefault\u00bb global_colors_info=\u00bb{}\u00bb][et_pb_blurb title=\u00bbFilos\u00f3fico\u00bb _builder_version=\u00bb4.27.4&#8243; _module_preset=\u00bbdefault\u00bb use_icon=\u00bbon\u00bb font_icon=\u00bb&#xe08a;||divi||400&#8243; icon_color=\u00bb#0C71C3&#8243; image_icon_width=\u00bb74px\u00bb header_font_size=\u00bb24px\u00bb header_font=\u00bb|700|||||||\u00bb hover_enabled=\u00bb0&#8243; sticky_enabled=\u00bb0&#8243; text_orientation=\u00bbjustified\u00bb]<\/p>\n<p>Est\u00e1 basado en una perspectiva de sujeto como ser integral, dial\u00e9ctico que reconoce la relaci\u00f3n con el otro en t\u00e9rminos de respeto y la relaci\u00f3n consigo mismo en t\u00e9rminos de autonom\u00eda (pensar en el lugar del otro, pensar por si mismo y ser consecuente).<\/p>\n<p>[\/et_pb_blurb][\/et_pb_column][et_pb_column type=\u00bb1_3&#8243; _builder_version=\u00bb4.24.0&#8243; _module_preset=\u00bbdefault\u00bb global_colors_info=\u00bb{}\u00bb][et_pb_blurb title=\u00bbPsicol\u00f3gico\u00bb _builder_version=\u00bb4.27.4&#8243; _module_preset=\u00bbdefault\u00bb use_icon=\u00bbon\u00bb font_icon=\u00bb&#xf5dc;||fa||900&#8243; icon_color=\u00bb#0C71C3&#8243; image_icon_width=\u00bb74px\u00bb header_font_size=\u00bb24px\u00bb header_font=\u00bb|700|||||||\u00bb hover_enabled=\u00bb0&#8243; sticky_enabled=\u00bb0&#8243;]<\/p>\n<p>Se reconoce que el ser humano atraviesa a los largo de su vida por diversos momentos de desarrollo, en sus diferentes dimensiones. Por ello se apunta a la formaci\u00f3n integral de las personas. Se reconocen cuatro momentos los cuales se relacionan como los procesos de desarrollo humano.<\/p>\n<p>[\/et_pb_blurb][\/et_pb_column][et_pb_column type=\u00bb1_3&#8243; _builder_version=\u00bb4.24.0&#8243; _module_preset=\u00bbdefault\u00bb global_colors_info=\u00bb{}\u00bb][et_pb_blurb title=\u00bbSociol\u00f3gico\u00bb _builder_version=\u00bb4.27.4&#8243; _module_preset=\u00bbdefault\u00bb use_icon=\u00bbon\u00bb font_icon=\u00bb&#xf500;||fa||900&#8243; icon_color=\u00bb#0C71C3&#8243; image_icon_width=\u00bb74px\u00bb header_font_size=\u00bb24px\u00bb header_font=\u00bb|700|||||||\u00bb hover_enabled=\u00bb0&#8243; sticky_enabled=\u00bb0&#8243;]<\/p>\n<p>A partir de la metodolog\u00eda de trabajo en equipo se proyecta nuestra apuesta por promover la organizaci\u00f3n social, por medio de un grado de contribuci\u00f3n e intervenci\u00f3n de la instituci\u00f3n en la soluci&amp;oacutten de las necesidades o demandas de la sociedad a partir de la formaci\u00f3n de sujetos aut\u00f3nomos que reconocen la importancia de cooperar y aunar esfuerzos con el fin de lograr la transformaci\u00f3n social.<\/p>\n<p>[\/et_pb_blurb][\/et_pb_column][\/et_pb_row][et_pb_row column_structure=\u00bb1_3,1_3,1_3&#8243; use_custom_gutter=\u00bbon\u00bb gutter_width=\u00bb2&#8243; _builder_version=\u00bb4.24.0&#8243; _module_preset=\u00bbdefault\u00bb width=\u00bb100%\u00bb max_width=\u00bb1320px\u00bb global_colors_info=\u00bb{}\u00bb][et_pb_column type=\u00bb1_3&#8243; _builder_version=\u00bb4.24.0&#8243; _module_preset=\u00bbdefault\u00bb global_colors_info=\u00bb{}\u00bb][et_pb_blurb title=\u00bbPedag\u00f3gico\u00bb _builder_version=\u00bb4.27.4&#8243; _module_preset=\u00bbdefault\u00bb use_icon=\u00bbon\u00bb font_icon=\u00bb&#xf51c;||fa||900&#8243; icon_color=\u00bb#0C71C3&#8243; image_icon_width=\u00bb74px\u00bb header_font_size=\u00bb24px\u00bb header_font=\u00bb|700|||||||\u00bb hover_enabled=\u00bb0&#8243; sticky_enabled=\u00bb0&#8243; text_orientation=\u00bbjustified\u00bb]<\/p>\n<p>Se centra en el marco del pensamiento complejo, con una propuesta metodol\u00f3gica que propenda por diferentes escenarios de aprendizaje con un proyecto integrador que articule los campos del conocimiento de acuerdo a los momentos de formaci\u00f3n.<\/p>\n<p>[\/et_pb_blurb][\/et_pb_column][et_pb_column type=\u00bb1_3&#8243; _builder_version=\u00bb4.24.0&#8243; _module_preset=\u00bbdefault\u00bb global_colors_info=\u00bb{}\u00bb][et_pb_blurb title=\u00bbEpistemol\u00f3gico\u00bb _builder_version=\u00bb4.27.4&#8243; _module_preset=\u00bbdefault\u00bb use_icon=\u00bbon\u00bb font_icon=\u00bb&#xf3c6;||fa||400&#8243; icon_color=\u00bb#0C71C3&#8243; image_icon_width=\u00bb74px\u00bb header_font_size=\u00bb24px\u00bb header_font=\u00bb|700|||||||\u00bb hover_enabled=\u00bb0&#8243; sticky_enabled=\u00bb0&#8243;]<\/p>\n<p>La propuesta de organizaci\u00f3n del conocimiento es un curr\u00edculo abierto, propio, como resultado de la interdisciplinaridad (campos de conocimiento).<\/p>\n<p>[\/et_pb_blurb][\/et_pb_column][et_pb_column type=\u00bb1_3&#8243; _builder_version=\u00bb4.24.0&#8243; _module_preset=\u00bbdefault\u00bb global_colors_info=\u00bb{}\u00bb][et_pb_blurb title=\u00bbAntropol\u00f3gico\u00bb _builder_version=\u00bb4.27.4&#8243; _module_preset=\u00bbdefault\u00bb use_icon=\u00bbon\u00bb font_icon=\u00bb&#xf1ae;||fa||900&#8243; icon_color=\u00bb#0C71C3&#8243; image_icon_width=\u00bb74px\u00bb header_font_size=\u00bb24px\u00bb header_font=\u00bb|700|||||||\u00bb hover_enabled=\u00bb0&#8243; sticky_enabled=\u00bb0&#8243;]<\/p>\n<p>Se ha construido una visi\u00f3n dial\u00e9ctica de la relaci\u00f3n hombre-cultura, donde vislumbramos la educaci\u00f3n como la posibilidad de viabilizar una transformaci\u00f3n cultural encaminada a sopesar y aliviar la ruptura entre las din\u00e1micas socio-culturales de las comunidades y la escuela, proyectando la formaci\u00f3n de sujetos capaces de interpretar, comprender y transformar la cultura encamin\u00e1ndose hacia un horizonte de equidad e igualdad de derechos.<\/p>\n<p>[\/et_pb_blurb][\/et_pb_column][\/et_pb_row][\/et_pb_section][et_pb_section fb_built=\u00bb1&#8243; _builder_version=\u00bb4.24.0&#8243; _module_preset=\u00bbdefault\u00bb background_color=\u00bb#00495e\u00bb background_image=\u00bbhttp:\/\/ienuevolatircali.edu.co\/site\/wp-content\/uploads\/2024\/02\/Captura-de-pantalla-2024-02-02-113908-1.png\u00bb background_blend=\u00bbmultiply\u00bb custom_padding=\u00bb3px|||||\u00bb global_module=\u00bb232&#8243; saved_tabs=\u00bball\u00bb global_colors_info=\u00bb{}\u00bb][et_pb_row _builder_version=\u00bb4.24.0&#8243; _module_preset=\u00bbdefault\u00bb global_colors_info=\u00bb{}\u00bb][et_pb_column type=\u00bb4_4&#8243; _builder_version=\u00bb4.24.0&#8243; _module_preset=\u00bbdefault\u00bb global_colors_info=\u00bb{}\u00bb][et_pb_text _builder_version=\u00bb4.24.0&#8243; _module_preset=\u00bbdefault\u00bb text_text_color=\u00bb#FFFFFF\u00bb header_2_text_align=\u00bbcenter\u00bb header_2_text_color=\u00bb#FFFFFF\u00bb header_2_font_size=\u00bb32px\u00bb global_colors_info=\u00bb{}\u00bb]<\/p>\n<h2>\u00bfDudas y sugerencias? comun\u00edquese con nosotros<\/h2>\n<p>&nbsp;<\/p>\n<p>[\/et_pb_text][\/et_pb_column][\/et_pb_row][et_pb_row column_structure=\u00bb2_5,3_5&#8243; _builder_version=\u00bb4.27.0&#8243; _module_preset=\u00bbdefault\u00bb background_color=\u00bbrgba(255,255,255,0.81)\u00bb custom_padding=\u00bb30px|30px|30px|30px|false|false\u00bb global_colors_info=\u00bb{}\u00bb][et_pb_column type=\u00bb2_5&#8243; _builder_version=\u00bb4.24.0&#8243; _module_preset=\u00bbdefault\u00bb global_colors_info=\u00bb{}\u00bb][et_pb_text _builder_version=\u00bb4.27.4&#8243; _module_preset=\u00bbdefault\u00bb text_font_size=\u00bb16px\u00bb hover_enabled=\u00bb0&#8243; global_colors_info=\u00bb{}\u00bb sticky_enabled=\u00bb0&#8243;]<\/p>\n<p><strong>Email: <\/strong>hugo.lozano@cali.edu.co\u00a0<\/p>\n<p><strong>Sede Nuevo Latir:<\/strong><br \/>Calle 76 N\u00ba 28-20<br \/>436 38 36 \u2013 414 07 77 \u2013 318 343 91 79<br \/>Barrio Alfonso Bonilla Arag\u00f3n<\/p>\n<p><strong>Sede Isa\u00edas Duarte Cancino:<\/strong><br \/>Carrera 28e N\u00ba 96-120<br \/>414 00 44 \u2013 318 362 72 51<br \/>Barrio Mojica.<\/p>\n<p>[\/et_pb_text][\/et_pb_column][et_pb_column type=\u00bb3_5&#8243; _builder_version=\u00bb4.24.0&#8243; _module_preset=\u00bbdefault\u00bb global_colors_info=\u00bb{}\u00bb][et_pb_contact_form email=\u00bbhugo.lozano@cali.edu.co\u00bb success_message=\u00bbSu mensaje fue enviado con \u00e9xito, le daremos respuesta lo mas pronto posible.\u00bb submit_button_text=\u00bbEnviar\u00bb _builder_version=\u00bb4.27.4&#8243; _module_preset=\u00bbdefault\u00bb _unique_id=\u00bbcafbf431-19ec-4b83-a2c8-21cfb04aad83&#8243; hover_enabled=\u00bb0&#8243; global_colors_info=\u00bb{}\u00bb sticky_enabled=\u00bb0&#8243;][et_pb_contact_field field_id=\u00bbNombre\u00bb field_title=\u00bbNombre\u00bb _builder_version=\u00bb4.24.0&#8243; global_colors_info=\u00bb{}\u00bb button_text_size__hover_enabled=\u00bboff\u00bb button_one_text_size__hover_enabled=\u00bboff\u00bb button_two_text_size__hover_enabled=\u00bboff\u00bb button_text_color__hover_enabled=\u00bboff\u00bb button_one_text_color__hover_enabled=\u00bboff\u00bb button_two_text_color__hover_enabled=\u00bboff\u00bb button_border_width__hover_enabled=\u00bboff\u00bb button_one_border_width__hover_enabled=\u00bboff\u00bb button_two_border_width__hover_enabled=\u00bboff\u00bb button_border_color__hover_enabled=\u00bboff\u00bb button_one_border_color__hover_enabled=\u00bboff\u00bb button_two_border_color__hover_enabled=\u00bboff\u00bb button_border_radius__hover_enabled=\u00bboff\u00bb button_one_border_radius__hover_enabled=\u00bboff\u00bb button_two_border_radius__hover_enabled=\u00bboff\u00bb button_letter_spacing__hover_enabled=\u00bboff\u00bb button_one_letter_spacing__hover_enabled=\u00bboff\u00bb button_two_letter_spacing__hover_enabled=\u00bboff\u00bb button_bg_color__hover_enabled=\u00bboff\u00bb button_one_bg_color__hover_enabled=\u00bboff\u00bb button_two_bg_color__hover_enabled=\u00bboff\u00bb][\/et_pb_contact_field][et_pb_contact_field field_id=\u00bbEmail\u00bb field_title=\u00bbEmail\u00bb field_type=\u00bbemail\u00bb _builder_version=\u00bb4.24.0&#8243; global_colors_info=\u00bb{}\u00bb button_text_size__hover_enabled=\u00bboff\u00bb button_one_text_size__hover_enabled=\u00bboff\u00bb button_two_text_size__hover_enabled=\u00bboff\u00bb button_text_color__hover_enabled=\u00bboff\u00bb button_one_text_color__hover_enabled=\u00bboff\u00bb button_two_text_color__hover_enabled=\u00bboff\u00bb button_border_width__hover_enabled=\u00bboff\u00bb button_one_border_width__hover_enabled=\u00bboff\u00bb button_two_border_width__hover_enabled=\u00bboff\u00bb button_border_color__hover_enabled=\u00bboff\u00bb button_one_border_color__hover_enabled=\u00bboff\u00bb button_two_border_color__hover_enabled=\u00bboff\u00bb button_border_radius__hover_enabled=\u00bboff\u00bb button_one_border_radius__hover_enabled=\u00bboff\u00bb button_two_border_radius__hover_enabled=\u00bboff\u00bb button_letter_spacing__hover_enabled=\u00bboff\u00bb button_one_letter_spacing__hover_enabled=\u00bboff\u00bb button_two_letter_spacing__hover_enabled=\u00bboff\u00bb button_bg_color__hover_enabled=\u00bboff\u00bb button_one_bg_color__hover_enabled=\u00bboff\u00bb button_two_bg_color__hover_enabled=\u00bboff\u00bb][\/et_pb_contact_field][et_pb_contact_field field_id=\u00bbMensaje\u00bb field_title=\u00bbMensaje\u00bb field_type=\u00bbtext\u00bb fullwidth_field=\u00bbon\u00bb _builder_version=\u00bb4.24.0&#8243; global_colors_info=\u00bb{}\u00bb button_text_size__hover_enabled=\u00bboff\u00bb button_one_text_size__hover_enabled=\u00bboff\u00bb button_two_text_size__hover_enabled=\u00bboff\u00bb button_text_color__hover_enabled=\u00bboff\u00bb button_one_text_color__hover_enabled=\u00bboff\u00bb button_two_text_color__hover_enabled=\u00bboff\u00bb button_border_width__hover_enabled=\u00bboff\u00bb button_one_border_width__hover_enabled=\u00bboff\u00bb button_two_border_width__hover_enabled=\u00bboff\u00bb button_border_color__hover_enabled=\u00bboff\u00bb button_one_border_color__hover_enabled=\u00bboff\u00bb button_two_border_color__hover_enabled=\u00bboff\u00bb button_border_radius__hover_enabled=\u00bboff\u00bb button_one_border_radius__hover_enabled=\u00bboff\u00bb button_two_border_radius__hover_enabled=\u00bboff\u00bb button_letter_spacing__hover_enabled=\u00bboff\u00bb button_one_letter_spacing__hover_enabled=\u00bboff\u00bb button_two_letter_spacing__hover_enabled=\u00bboff\u00bb button_bg_color__hover_enabled=\u00bboff\u00bb button_one_bg_color__hover_enabled=\u00bboff\u00bb button_two_bg_color__hover_enabled=\u00bboff\u00bb][\/et_pb_contact_field][\/et_pb_contact_form][\/et_pb_column][\/et_pb_row][\/et_pb_section][et_pb_section fb_built=\u00bb1&#8243; fullwidth=\u00bbon\u00bb _builder_version=\u00bb4.24.0&#8243; _module_preset=\u00bbdefault\u00bb global_colors_info=\u00bb{}\u00bb][et_pb_fullwidth_code _builder_version=\u00bb4.27.4&#8243; _module_preset=\u00bbdefault\u00bb hover_enabled=\u00bb0&#8243; global_colors_info=\u00bb{}\u00bb sticky_enabled=\u00bb0&#8243;]<iframe src=\"https:\/\/www.google.com\/maps\/embed?pb=!1m18!1m12!1m3!1d3982.7155376184355!2d-76.4865576!3d3.4193203!2m3!1f0!2f0!3f0!3m2!1i1024!2i768!4f13.1!3m3!1m2!1s0x8e30a73c731e83c3%3A0xf98d5a4cdec976ce!2sColegio%20Nuevo%20Latir!5e0!3m2!1ses!2sco!4v1736769908190!5m2!1ses!2sco\" width=\"100%\" height=\"450\" style=\"border:0;\" allowfullscreen=\"\" loading=\"lazy\" referrerpolicy=\"no-referrer-when-downgrade\"><\/iframe>[\/et_pb_fullwidth_code][\/et_pb_section]<\/p>\n","protected":false},"excerpt":{"rendered":"<p>La Ciudadela Educativa es un sistema articulador e integrador de diferentes instituciones y actores sociales en una localidad espec\u00edfica, alrededor de una instituci\u00f3n eje que cuenta con un Proyecto Educativo Zonal (PEZ). Este proyecto esta concebido bajo el enfoque de educaci\u00f3n nueva o transformadora, cuyo objetivo es promover la organizaci\u00f3n social desde un ejercicio de [&hellip;]<\/p>\n","protected":false},"author":2,"featured_media":0,"parent":0,"menu_order":0,"comment_status":"closed","ping_status":"closed","template":"","meta":{"_et_pb_use_builder":"on","_et_pb_old_content":"","_et_gb_content_width":"","footnotes":""},"class_list":["post-11","page","type-page","status-publish","hentry"],"_links":{"self":[{"href":"http:\/\/ienuevolatircali.edu.co\/site\/wp-json\/wp\/v2\/pages\/11","targetHints":{"allow":["GET"]}}],"collection":[{"href":"http:\/\/ienuevolatircali.edu.co\/site\/wp-json\/wp\/v2\/pages"}],"about":[{"href":"http:\/\/ienuevolatircali.edu.co\/site\/wp-json\/wp\/v2\/types\/page"}],"author":[{"embeddable":true,"href":"http:\/\/ienuevolatircali.edu.co\/site\/wp-json\/wp\/v2\/users\/2"}],"replies":[{"embeddable":true,"href":"http:\/\/ienuevolatircali.edu.co\/site\/wp-json\/wp\/v2\/comments?post=11"}],"version-history":[{"count":10,"href":"http:\/\/ienuevolatircali.edu.co\/site\/wp-json\/wp\/v2\/pages\/11\/revisions"}],"predecessor-version":[{"id":329,"href":"http:\/\/ienuevolatircali.edu.co\/site\/wp-json\/wp\/v2\/pages\/11\/revisions\/329"}],"wp:attachment":[{"href":"http:\/\/ienuevolatircali.edu.co\/site\/wp-json\/wp\/v2\/media?parent=11"}],"curies":[{"name":"wp","href":"https:\/\/api.w.org\/{rel}","templated":true}]}}